{"id":6,"date":"2015-12-17T07:17:45","date_gmt":"2015-12-17T07:17:45","guid":{"rendered":"http:\/\/webriti.com\/demo\/wp\/lite\/rambo\/?page_id=6"},"modified":"2019-10-08T09:34:10","modified_gmt":"2019-10-08T07:34:10","slug":"home","status":"publish","type":"page","link":"https:\/\/ganeos.com\/","title":{"rendered":"Expertise IT et Communication"},"content":{"rendered":"\n<p><a href=\"mailto:olivier@ganeos.com\">Contact : O. Maas<\/a><\/p>\n\n\n\n<ul><h3>Logiciels :<\/h3><li>Conception et suivi d\u00e9veloppement Agile<\/li><li>Gestion de projet<\/li><\/ul>\n\n\n\n<ul><h3>Restitutions et flux de donn\u00e9es :<\/h3><li>Conception reportings (KPI, statistiques, indicateurs avanc\u00e9s)<\/li><li>AMOA \/ AMOE reporting (BIRT)<\/li><li>AMOA \/ AMOE ETL (Talend)<\/li><li>Analyse et diagnostic de flux de donn\u00e9es (optimisation, automatisation, am\u00e9lioration de la qualit\u00e9 des donn\u00e9es)<\/li><\/ul>\n\n\n\n<ul><h3>Budgets :<\/h3><li>Assistance mod\u00e9lisation et pr\u00e9paration budg\u00e9taire<\/li><li>Assistance int\u00e9gration du suivi budg\u00e9taire <\/li><\/ul>\n\n\n\n<h2 class=\"wp-block-heading\">Communication<\/h2>\n\n\n\n<p><a href=\"mailto:elise@ganeos.com\">Contact : E. Le Moing Maas<\/a><\/p>\n","protected":false},"excerpt":{"rendered":"<p>Contact : O. Maas Logiciels : Conception et suivi d\u00e9veloppement Agile Gestion de projet Restitutions et flux de donn\u00e9es : Conception reportings (KPI, statistiques, indicateurs avanc\u00e9s) AMOA \/ AMOE reporting (BIRT) AMOA \/ AMOE ETL (Talend) Analyse et diagnostic de flux de donn\u00e9es (optimisation, automatisation, am\u00e9lioration de la qualit\u00e9 des donn\u00e9es) Budgets : Assistance mod\u00e9lisation &hellip; <\/p>\n<p class=\"link-more\"><a href=\"https:\/\/ganeos.com\/\" class=\"more-link\">Continue reading<span class=\"screen-reader-text\"> &#8220;Expertise IT et Communication&#8221;<\/span><\/a><\/p>\n","protected":false},"author":1,"featured_media":0,"parent":0,"menu_order":0,"comment_status":"closed","ping_status":"closed","template":"template-frontpage.php","meta":{"footnotes":""},"class_list":["post-6","page","type-page","status-publish","hentry"],"_links":{"self":[{"href":"https:\/\/ganeos.com\/index.php\/wp-json\/wp\/v2\/pages\/6","targetHints":{"allow":["GET"]}}],"collection":[{"href":"https:\/\/ganeos.com\/index.php\/wp-json\/wp\/v2\/pages"}],"about":[{"href":"https:\/\/ganeos.com\/index.php\/wp-json\/wp\/v2\/types\/page"}],"author":[{"embeddable":true,"href":"https:\/\/ganeos.com\/index.php\/wp-json\/wp\/v2\/users\/1"}],"replies":[{"embeddable":true,"href":"https:\/\/ganeos.com\/index.php\/wp-json\/wp\/v2\/comments?post=6"}],"version-history":[{"count":10,"href":"https:\/\/ganeos.com\/index.php\/wp-json\/wp\/v2\/pages\/6\/revisions"}],"predecessor-version":[{"id":239,"href":"https:\/\/ganeos.com\/index.php\/wp-json\/wp\/v2\/pages\/6\/revisions\/239"}],"wp:attachment":[{"href":"https:\/\/ganeos.com\/index.php\/wp-json\/wp\/v2\/media?parent=6"}],"curies":[{"name":"wp","href":"https:\/\/api.w.org\/{rel}","templated":true}]}}